{"id":1169,"date":"2024-08-06T10:53:54","date_gmt":"2024-08-06T08:53:54","guid":{"rendered":"https:\/\/www.dentalturk.al\/chi-siamo\/"},"modified":"2024-09-04T09:45:46","modified_gmt":"2024-09-04T07:45:46","slug":"chi-siamo","status":"publish","type":"page","link":"https:\/\/www.dentalturk.al\/it\/chi-siamo\/","title":{"rendered":"Chi siamo"},"content":{"rendered":"\t\t<div data-elementor-type=\"wp-page\" data-elementor-id=\"1169\" class=\"elementor elementor-1169 elementor-45\">\n\t\t\t\t<div class=\"elementor-element elementor-element-5ab967bd e-con-full e-flex e-con e-parent\" data-id=\"5ab967bd\" data-element_type=\"container\">\n\t\t\t\t<div class=\"elementor-element elementor-element-5b731a53 elementor-widget elementor-widget-image\" data-id=\"5b731a53\" data-element_type=\"widget\" data-widget_type=\"image.default\">\n\t\t\t\t<div class=\"elementor-widget-container\">\n\t\t\t\t\t\t\t\t\t\t\t\t\t<img fetchpriority=\"high\" decoding=\"async\" width=\"1920\" height=\"900\" src=\"https:\/\/www.dentalturk.al\/wp-content\/uploads\/2024\/08\/about-slider1.jpg\" class=\"attachment-full size-full wp-image-471\" alt=\"\" srcset=\"https:\/\/www.dentalturk.al\/wp-content\/uploads\/2024\/08\/about-slider1.jpg 1920w, https:\/\/www.dentalturk.al\/wp-content\/uploads\/2024\/08\/about-slider1-300x141.jpg 300w, https:\/\/www.dentalturk.al\/wp-content\/uploads\/2024\/08\/about-slider1-1024x480.jpg 1024w, https:\/\/www.dentalturk.al\/wp-content\/uploads\/2024\/08\/about-slider1-768x360.jpg 768w, https:\/\/www.dentalturk.al\/wp-content\/uploads\/2024\/08\/about-slider1-1536x720.jpg 1536w\" sizes=\"(max-width: 1920px) 100vw, 1920px\" \/>\t\t\t\t\t\t\t\t\t\t\t\t\t<\/div>\n\t\t\t\t<\/div>\n\t\t\t\t<\/div>\n\t\t<div class=\"elementor-element elementor-element-3354d466 e-flex e-con-boxed e-con e-parent\" data-id=\"3354d466\" data-element_type=\"container\" data-settings=\"{&quot;background_background&quot;:&quot;classic&quot;}\">\n\t\t\t\t\t<div class=\"e-con-inner\">\n\t\t\t\t<div class=\"elementor-element elementor-element-be4c355 elementor-widget elementor-widget-heading\" data-id=\"be4c355\" data-element_type=\"widget\" data-widget_type=\"heading.default\">\n\t\t\t\t<div class=\"elementor-widget-container\">\n\t\t\t<h1 class=\"elementor-heading-title elementor-size-default\">Chi siamo<\/h1>\t\t<\/div>\n\t\t\t\t<\/div>\n\t\t\t\t\t<\/div>\n\t\t\t\t<\/div>\n\t\t<div class=\"elementor-element elementor-element-4bc42951 e-flex e-con-boxed e-con e-parent\" data-id=\"4bc42951\" data-element_type=\"container\">\n\t\t\t\t\t<div class=\"e-con-inner\">\n\t\t<div class=\"elementor-element elementor-element-7b151266 e-con-full e-flex e-con e-child\" data-id=\"7b151266\" data-element_type=\"container\">\n\t\t\t\t<div class=\"elementor-element elementor-element-27a1dc0e elementor-widget elementor-widget-image\" data-id=\"27a1dc0e\" data-element_type=\"widget\" data-widget_type=\"image.default\">\n\t\t\t\t<div class=\"elementor-widget-container\">\n\t\t\t\t\t\t\t\t\t\t\t\t\t<img decoding=\"async\" width=\"768\" height=\"469\" src=\"https:\/\/www.dentalturk.al\/wp-content\/uploads\/2024\/08\/about-block1-768x469.jpg\" class=\"attachment-medium_large size-medium_large wp-image-472\" alt=\"About us\" srcset=\"https:\/\/www.dentalturk.al\/wp-content\/uploads\/2024\/08\/about-block1-768x469.jpg 768w, https:\/\/www.dentalturk.al\/wp-content\/uploads\/2024\/08\/about-block1-300x183.jpg 300w, https:\/\/www.dentalturk.al\/wp-content\/uploads\/2024\/08\/about-block1.jpg 778w\" sizes=\"(max-width: 768px) 100vw, 768px\" \/>\t\t\t\t\t\t\t\t\t\t\t\t\t<\/div>\n\t\t\t\t<\/div>\n\t\t\t\t<\/div>\n\t\t<div class=\"elementor-element elementor-element-b75bb49 e-con-full e-flex e-con e-child\" data-id=\"b75bb49\" data-element_type=\"container\">\n\t\t\t\t<div class=\"elementor-element elementor-element-3471394 elementor-widget elementor-widget-text-editor\" data-id=\"3471394\" data-element_type=\"widget\" data-widget_type=\"text-editor.default\">\n\t\t\t\t<div class=\"elementor-widget-container\">\n\t\t\t\t\t\t\t<p>Come una delle cliniche dentali pi\u00f9 grandi e prestigiose in Albania, siamo orgogliosi di servirvi con il nostro team di 200 professionisti esperti e specializzati nelle nostre due sedi a Tirana e Vlore. La nostra clinica \u00e8 composta da medici esperti in tutti i campi dell&#8217;odontoiatria, dotati delle conoscenze e tecniche pi\u00f9 aggiornate. Questo ci consente di fornire ai nostri pazienti i metodi di trattamento pi\u00f9 moderni, conformi agli standard europei.  <\/p>\n\t\t\t\t\t\t<\/div>\n\t\t\t\t<\/div>\n\t\t\t\t<\/div>\n\t\t\t\t\t<\/div>\n\t\t\t\t<\/div>\n\t\t<div class=\"elementor-element elementor-element-2f5462d e-flex e-con-boxed e-con e-parent\" data-id=\"2f5462d\" data-element_type=\"container\">\n\t\t\t\t\t<div class=\"e-con-inner\">\n\t\t<div class=\"elementor-element elementor-element-b504fa5 e-con-full e-flex e-con e-child\" data-id=\"b504fa5\" data-element_type=\"container\">\n\t\t\t\t<div class=\"elementor-element elementor-element-f151919 elementor-widget elementor-widget-text-editor\" data-id=\"f151919\" data-element_type=\"widget\" data-widget_type=\"text-editor.default\">\n\t\t\t\t<div class=\"elementor-widget-container\">\n\t\t\t\t\t\t\t<p>La nostra infrastruttura tecnologica e le attrezzature mediche sono accuratamente selezionate per garantire i pi\u00f9 elevati standard di qualit\u00e0. Durante i nostri processi di trattamento, utilizziamo materiali certificati CE, inclusi impianti importati dalla Germania, per garantire risultati affidabili, durevoli e altamente efficaci per i nostri pazienti. <\/p>\n<p>La nostra clinica non \u00e8 solo una delle scelte migliori in Albania, ma anche una meta preferita per i pazienti internazionali. I servizi di alta qualit\u00e0 che offriamo, combinati con prezzi competitivi, ci hanno reso la clinica di riferimento per un numero significativo di pazienti provenienti dall&#8217;estero. La nostra posizione senza pari in Albania ci consente di guidare il settore con fiducia.  <\/p>\n\t\t\t\t\t\t<\/div>\n\t\t\t\t<\/div>\n\t\t\t\t<\/div>\n\t\t<div class=\"elementor-element elementor-element-7e11584 e-con-full e-flex e-con e-child\" data-id=\"7e11584\" data-element_type=\"container\">\n\t\t\t\t<div class=\"elementor-element elementor-element-e58d5e2 elementor-widget elementor-widget-image\" data-id=\"e58d5e2\" data-element_type=\"widget\" data-widget_type=\"image.default\">\n\t\t\t\t<div class=\"elementor-widget-container\">\n\t\t\t\t\t\t\t\t\t\t\t\t\t<img decoding=\"async\" width=\"768\" height=\"469\" src=\"https:\/\/www.dentalturk.al\/wp-content\/uploads\/2024\/08\/Doc_About-768x469.jpg\" class=\"attachment-medium_large size-medium_large wp-image-794\" alt=\"\" srcset=\"https:\/\/www.dentalturk.al\/wp-content\/uploads\/2024\/08\/Doc_About-768x469.jpg 768w, https:\/\/www.dentalturk.al\/wp-content\/uploads\/2024\/08\/Doc_About-300x183.jpg 300w, https:\/\/www.dentalturk.al\/wp-content\/uploads\/2024\/08\/Doc_About.jpg 778w\" sizes=\"(max-width: 768px) 100vw, 768px\" \/>\t\t\t\t\t\t\t\t\t\t\t\t\t<\/div>\n\t\t\t\t<\/div>\n\t\t\t\t<\/div>\n\t\t\t\t\t<\/div>\n\t\t\t\t<\/div>\n\t\t<div class=\"elementor-element elementor-element-e921ccd e-flex e-con-boxed e-con e-parent\" data-id=\"e921ccd\" data-element_type=\"container\">\n\t\t\t\t\t<div class=\"e-con-inner\">\n\t\t<div class=\"elementor-element elementor-element-ecb0d67 e-con-full e-flex e-con e-child\" data-id=\"ecb0d67\" data-element_type=\"container\">\n\t\t\t\t<div class=\"elementor-element elementor-element-8f6265f elementor-widget elementor-widget-image\" data-id=\"8f6265f\" data-element_type=\"widget\" data-widget_type=\"image.default\">\n\t\t\t\t<div class=\"elementor-widget-container\">\n\t\t\t\t\t\t\t\t\t\t\t\t\t<img loading=\"lazy\" decoding=\"async\" width=\"768\" height=\"469\" src=\"https:\/\/www.dentalturk.al\/wp-content\/uploads\/2024\/08\/Doc_About_2-768x469.jpg\" class=\"attachment-medium_large size-medium_large wp-image-796\" alt=\"\" srcset=\"https:\/\/www.dentalturk.al\/wp-content\/uploads\/2024\/08\/Doc_About_2-768x469.jpg 768w, https:\/\/www.dentalturk.al\/wp-content\/uploads\/2024\/08\/Doc_About_2-300x183.jpg 300w, https:\/\/www.dentalturk.al\/wp-content\/uploads\/2024\/08\/Doc_About_2.jpg 778w\" sizes=\"(max-width: 768px) 100vw, 768px\" \/>\t\t\t\t\t\t\t\t\t\t\t\t\t<\/div>\n\t\t\t\t<\/div>\n\t\t\t\t<\/div>\n\t\t<div class=\"elementor-element elementor-element-654e457 e-con-full e-flex e-con e-child\" data-id=\"654e457\" data-element_type=\"container\">\n\t\t\t\t<div class=\"elementor-element elementor-element-d2cacc0 elementor-widget elementor-widget-text-editor\" data-id=\"d2cacc0\" data-element_type=\"widget\" data-widget_type=\"text-editor.default\">\n\t\t\t\t<div class=\"elementor-widget-container\">\n\t\t\t\t\t\t\t<p>La soddisfazione dei pazienti \u00e8 sempre la nostra massima priorit\u00e0. Pertanto, progettiamo i nostri processi di trattamento per essere personalizzati e forniamo supporto completo durante e dopo il trattamento. Con la professionalit\u00e0 dei nostri medici esperti, le nostre moderne capacit\u00e0 tecnologiche e i materiali di alta qualit\u00e0 che utilizziamo, ci impegniamo a mantenere la vostra salute dentale al pi\u00f9 alto livello.  <\/p>\n<p>Come una delle principali cliniche dentali in Albania, continuiamo a offrire il miglior servizio possibile e siamo orgogliosi di essere la scelta giusta per la vostra salute. Presso le nostre sedi a Tirana e Vlore, il nostro team di esperti \u00e8 qui per elevare la vostra salute dentale al massimo standard. Contattateci e fate il passo giusto per la vostra salute dentale.  <\/p>\n\t\t\t\t\t\t<\/div>\n\t\t\t\t<\/div>\n\t\t\t\t<\/div>\n\t\t\t\t\t<\/div>\n\t\t\t\t<\/div>\n\t\t<div class=\"elementor-element elementor-element-413ffca1 e-flex e-con-boxed e-con e-parent\" data-id=\"413ffca1\" data-element_type=\"container\" data-settings=\"{&quot;shape_divider_bottom&quot;:&quot;curve&quot;,&quot;shape_divider_bottom_negative&quot;:&quot;yes&quot;}\">\n\t\t\t\t\t<div class=\"e-con-inner\">\n\t\t\t\t<div class=\"elementor-shape elementor-shape-bottom\" data-negative=\"true\">\n\t\t\t<svg xmlns=\"http:\/\/www.w3.org\/2000\/svg\" viewBox=\"0 0 1000 100\" preserveAspectRatio=\"none\">\n\t<path class=\"elementor-shape-fill\" d=\"M500,97C126.7,96.3,0.8,19.8,0,0v100l1000,0V1C1000,19.4,873.3,97.8,500,97z\"\/>\n<\/svg>\t\t<\/div>\n\t\t\t\t<div class=\"elementor-element elementor-element-435ba16 elementor-widget elementor-widget-heading\" data-id=\"435ba16\" data-element_type=\"widget\" data-widget_type=\"heading.default\">\n\t\t\t\t<div class=\"elementor-widget-container\">\n\t\t\t<h2 class=\"elementor-heading-title elementor-size-default\">La vostra fiducia \u00e8 il pi\u00f9 grande patrimonio della nostra clinica.<\/h2>\t\t<\/div>\n\t\t\t\t<\/div>\n\t\t\t\t<div class=\"elementor-element elementor-element-1396fc3b elementor-widget elementor-widget-image\" data-id=\"1396fc3b\" data-element_type=\"widget\" data-widget_type=\"image.default\">\n\t\t\t\t<div class=\"elementor-widget-container\">\n\t\t\t\t\t\t\t\t\t\t\t\t\t<img decoding=\"async\" src=\"https:\/\/www.dentalturk.al\/wp-content\/uploads\/elementor\/thumbs\/logo-internal1-qsl54vbjvmwuhga0nfslxidaw133tyl53atryfhto0.png\" title=\"\" alt=\"Dental Turk\" loading=\"lazy\" \/>\t\t\t\t\t\t\t\t\t\t\t\t\t<\/div>\n\t\t\t\t<\/div>\n\t\t\t\t\t<\/div>\n\t\t\t\t<\/div>\n\t\t\t\t<\/div>\n\t\t","protected":false},"excerpt":{"rendered":"<p>Chi siamo Come una delle cliniche dentali pi\u00f9 grandi e prestigiose in Albania, siamo orgogliosi di servirvi con il nostro team di 200 professionisti esperti e specializzati nelle nostre due sedi a Tirana e Vlore. La nostra clinica \u00e8 composta da medici esperti in tutti i campi dell&#8217;odontoiatria, dotati delle conoscenze e tecniche pi\u00f9 aggiornate. [&hellip;]<\/p>\n","protected":false},"author":1,"featured_media":0,"parent":0,"menu_order":0,"comment_status":"closed","ping_status":"closed","template":"full-width.php","meta":{"_acf_changed":false,"footnotes":""},"class_list":["post-1169","page","type-page","status-publish","hentry"],"acf":[],"_links":{"self":[{"href":"https:\/\/www.dentalturk.al\/it\/wp-json\/wp\/v2\/pages\/1169"}],"collection":[{"href":"https:\/\/www.dentalturk.al\/it\/wp-json\/wp\/v2\/pages"}],"about":[{"href":"https:\/\/www.dentalturk.al\/it\/wp-json\/wp\/v2\/types\/page"}],"author":[{"embeddable":true,"href":"https:\/\/www.dentalturk.al\/it\/wp-json\/wp\/v2\/users\/1"}],"replies":[{"embeddable":true,"href":"https:\/\/www.dentalturk.al\/it\/wp-json\/wp\/v2\/comments?post=1169"}],"version-history":[{"count":1,"href":"https:\/\/www.dentalturk.al\/it\/wp-json\/wp\/v2\/pages\/1169\/revisions"}],"predecessor-version":[{"id":1170,"href":"https:\/\/www.dentalturk.al\/it\/wp-json\/wp\/v2\/pages\/1169\/revisions\/1170"}],"wp:attachment":[{"href":"https:\/\/www.dentalturk.al\/it\/wp-json\/wp\/v2\/media?parent=1169"}],"curies":[{"name":"wp","href":"https:\/\/api.w.org\/{rel}","templated":true}]}}