{"id":1173,"date":"2024-08-15T11:03:26","date_gmt":"2024-08-15T09:03:26","guid":{"rendered":"https:\/\/www.dentalturk.al\/viaggi-dentali\/"},"modified":"2024-09-09T17:45:19","modified_gmt":"2024-09-09T15:45:19","slug":"viaggi-dentali","status":"publish","type":"page","link":"https:\/\/www.dentalturk.al\/it\/viaggi-dentali\/","title":{"rendered":"Viaggi Dentali"},"content":{"rendered":"\t\t<div data-elementor-type=\"wp-page\" data-elementor-id=\"1173\" class=\"elementor elementor-1173 elementor-484\">\n\t\t\t\t<div class=\"elementor-element elementor-element-1d50b839 e-con-full e-flex e-con e-parent\" data-id=\"1d50b839\" data-element_type=\"container\">\n\t\t\t\t<div class=\"elementor-element elementor-element-7d9ad822 elementor-widget elementor-widget-image\" data-id=\"7d9ad822\" data-element_type=\"widget\" data-widget_type=\"image.default\">\n\t\t\t\t<div class=\"elementor-widget-container\">\n\t\t\t\t\t\t\t\t\t\t\t\t\t<img fetchpriority=\"high\" decoding=\"async\" width=\"1920\" height=\"900\" src=\"https:\/\/www.dentalturk.al\/wp-content\/uploads\/2024\/08\/dentaltravel-slider1.jpg\" class=\"attachment-full size-full wp-image-487\" alt=\"\" srcset=\"https:\/\/www.dentalturk.al\/wp-content\/uploads\/2024\/08\/dentaltravel-slider1.jpg 1920w, https:\/\/www.dentalturk.al\/wp-content\/uploads\/2024\/08\/dentaltravel-slider1-300x141.jpg 300w, https:\/\/www.dentalturk.al\/wp-content\/uploads\/2024\/08\/dentaltravel-slider1-1024x480.jpg 1024w, https:\/\/www.dentalturk.al\/wp-content\/uploads\/2024\/08\/dentaltravel-slider1-768x360.jpg 768w, https:\/\/www.dentalturk.al\/wp-content\/uploads\/2024\/08\/dentaltravel-slider1-1536x720.jpg 1536w\" sizes=\"(max-width: 1920px) 100vw, 1920px\" \/>\t\t\t\t\t\t\t\t\t\t\t\t\t<\/div>\n\t\t\t\t<\/div>\n\t\t\t\t<\/div>\n\t\t<div class=\"elementor-element elementor-element-2f18058 e-flex e-con-boxed e-con e-parent\" data-id=\"2f18058\" data-element_type=\"container\" data-settings=\"{&quot;background_background&quot;:&quot;classic&quot;}\">\n\t\t\t\t\t<div class=\"e-con-inner\">\n\t\t\t\t<div class=\"elementor-element elementor-element-2d454c59 elementor-widget elementor-widget-heading\" data-id=\"2d454c59\" data-element_type=\"widget\" data-widget_type=\"heading.default\">\n\t\t\t\t<div class=\"elementor-widget-container\">\n\t\t\t<h1 class=\"elementor-heading-title elementor-size-default\">Viaggi Dentali<\/h1>\t\t<\/div>\n\t\t\t\t<\/div>\n\t\t\t\t\t<\/div>\n\t\t\t\t<\/div>\n\t\t<div class=\"elementor-element elementor-element-60c658d e-flex e-con-boxed e-con e-parent\" data-id=\"60c658d\" data-element_type=\"container\">\n\t\t\t\t\t<div class=\"e-con-inner\">\n\t\t\t\t<div class=\"elementor-element elementor-element-e485202 elementor-widget elementor-widget-heading\" data-id=\"e485202\" data-element_type=\"widget\" data-widget_type=\"heading.default\">\n\t\t\t\t<div class=\"elementor-widget-container\">\n\t\t\t<h2 class=\"elementor-heading-title elementor-size-default\">Che cos'\u00e8 il viaggio dentale?<\/h2>\t\t<\/div>\n\t\t\t\t<\/div>\n\t\t\t\t<div class=\"elementor-element elementor-element-06fbf1f elementor-widget elementor-widget-text-editor\" data-id=\"06fbf1f\" data-element_type=\"widget\" data-widget_type=\"text-editor.default\">\n\t\t\t\t<div class=\"elementor-widget-container\">\n\t\t\t\t\t\t\t<p>Il viaggio dentale si riferisce al processo di viaggiare all&#8217;estero per ricevere trattamenti dentali. Questa opzione \u00e8 interessante per i pazienti che cercano trattamenti di alta qualit\u00e0 a prezzi pi\u00f9 accessibili. Inoltre, dopo aver completato il trattamento, puoi approfittare dell&#8217;opportunit\u00e0 per esplorare le attrazioni turistiche del paese che stai visitando. In questo modo, puoi migliorare la tua salute mentre ti godi anche un&#8217;esperienza di vacanza indimenticabile.   <\/p>\n\t\t\t\t\t\t<\/div>\n\t\t\t\t<\/div>\n\t\t\t\t<div class=\"elementor-element elementor-element-0250b59 elementor-widget elementor-widget-heading\" data-id=\"0250b59\" data-element_type=\"widget\" data-widget_type=\"heading.default\">\n\t\t\t\t<div class=\"elementor-widget-container\">\n\t\t\t<h3 class=\"elementor-heading-title elementor-size-default\">Quali servizi offriamo nel campo del viaggio dentale?<\/h3>\t\t<\/div>\n\t\t\t\t<\/div>\n\t\t\t\t\t<\/div>\n\t\t\t\t<\/div>\n\t\t<div class=\"elementor-element elementor-element-7cfaf9e1 e-flex e-con-boxed e-con e-parent\" data-id=\"7cfaf9e1\" data-element_type=\"container\">\n\t\t\t\t\t<div class=\"e-con-inner\">\n\t\t<div class=\"elementor-element elementor-element-324e4a77 e-con-full e-flex e-con e-child\" data-id=\"324e4a77\" data-element_type=\"container\">\n\t\t\t\t<div class=\"elementor-element elementor-element-75602c1a elementor-widget elementor-widget-image\" data-id=\"75602c1a\" data-element_type=\"widget\" data-widget_type=\"image.default\">\n\t\t\t\t<div class=\"elementor-widget-container\">\n\t\t\t\t\t\t\t\t\t\t\t\t\t<img decoding=\"async\" width=\"600\" height=\"488\" src=\"https:\/\/www.dentalturk.al\/wp-content\/uploads\/2024\/08\/dentaltravel-block1.jpg\" class=\"attachment-full size-full wp-image-492\" alt=\"Transfer\" srcset=\"https:\/\/www.dentalturk.al\/wp-content\/uploads\/2024\/08\/dentaltravel-block1.jpg 600w, https:\/\/www.dentalturk.al\/wp-content\/uploads\/2024\/08\/dentaltravel-block1-300x244.jpg 300w\" sizes=\"(max-width: 600px) 100vw, 600px\" \/>\t\t\t\t\t\t\t\t\t\t\t\t\t<\/div>\n\t\t\t\t<\/div>\n\t\t\t\t<\/div>\n\t\t<div class=\"elementor-element elementor-element-5b25f46e e-con-full e-flex e-con e-child\" data-id=\"5b25f46e\" data-element_type=\"container\">\n\t\t\t\t<div class=\"elementor-element elementor-element-02c86f0 elementor-widget elementor-widget-heading\" data-id=\"02c86f0\" data-element_type=\"widget\" data-widget_type=\"heading.default\">\n\t\t\t\t<div class=\"elementor-widget-container\">\n\t\t\t<h3 class=\"elementor-heading-title elementor-size-default\">Trasferimento<\/h3>\t\t<\/div>\n\t\t\t\t<\/div>\n\t\t\t\t<div class=\"elementor-element elementor-element-15c13f87 elementor-widget elementor-widget-text-editor\" data-id=\"15c13f87\" data-element_type=\"widget\" data-widget_type=\"text-editor.default\">\n\t\t\t\t<div class=\"elementor-widget-container\">\n\t\t\t\t\t\t\t<p>La nostra clinica dentale si impegna a fornire il massimo livello di comfort e sicurezza per i nostri pazienti internazionali durante tutto il processo di viaggio dentale. Per supportarvi e garantire il vostro comfort durante il trattamento, offriamo il nostro servizio di trasferimento VIP con un\u2019esperienza personalizzata per i vostri spostamenti dall\u2019aeroporto al vostro hotel e dal vostro hotel all\u2019aeroporto. Con i nostri autisti professionisti, la vostra sicurezza \u00e8 prioritaria durante tutto il viaggio. Garantiamo un trasferimento comodo e puntuale dal vostro hotel all\u2019aeroporto, rendendo il vostro viaggio senza stress.<\/p>\t\t\t\t\t\t<\/div>\n\t\t\t\t<\/div>\n\t\t\t\t<div class=\"elementor-element elementor-element-2140159 elementor-position-top elementor-widget elementor-widget-image-box\" data-id=\"2140159\" data-element_type=\"widget\" data-widget_type=\"image-box.default\">\n\t\t\t\t<div class=\"elementor-widget-container\">\n\t\t\t<div class=\"elementor-image-box-wrapper\"><figure class=\"elementor-image-box-img\"><img decoding=\"async\" width=\"150\" height=\"150\" src=\"https:\/\/www.dentalturk.al\/wp-content\/uploads\/2024\/08\/home-dentaltravel1.png\" class=\"attachment-full size-full wp-image-187\" alt=\"\" \/><\/figure><div class=\"elementor-image-box-content\"><h3 class=\"elementor-image-box-title\">Trasferimento VIP<br>Dall'aeroporto all'hotel<br>Dall'hotel all'aeroporto<\/h3><\/div><\/div>\t\t<\/div>\n\t\t\t\t<\/div>\n\t\t\t\t<\/div>\n\t\t\t\t\t<\/div>\n\t\t\t\t<\/div>\n\t\t<div class=\"elementor-element elementor-element-7ca62a75 e-flex e-con-boxed e-con e-parent\" data-id=\"7ca62a75\" data-element_type=\"container\">\n\t\t\t\t\t<div class=\"e-con-inner\">\n\t\t<div class=\"elementor-element elementor-element-1b5f4f96 e-con-full e-flex e-con e-child\" data-id=\"1b5f4f96\" data-element_type=\"container\">\n\t\t\t\t<div class=\"elementor-element elementor-element-6d4d875 elementor-widget elementor-widget-heading\" data-id=\"6d4d875\" data-element_type=\"widget\" data-widget_type=\"heading.default\">\n\t\t\t\t<div class=\"elementor-widget-container\">\n\t\t\t<h3 class=\"elementor-heading-title elementor-size-default\">Alloggio<\/h3>\t\t<\/div>\n\t\t\t\t<\/div>\n\t\t\t\t<div class=\"elementor-element elementor-element-135a1ba4 elementor-widget elementor-widget-text-editor\" data-id=\"135a1ba4\" data-element_type=\"widget\" data-widget_type=\"text-editor.default\">\n\t\t\t\t<div class=\"elementor-widget-container\">\n\t\t\t\t\t\t\t<p>La nostra clinica dentale si impegna a fornire il massimo livello di comfort e sicurezza per i nostri pazienti internazionali durante tutto il processo di viaggio dentale. Per migliorare il vostro comfort e supportarvi durante il trattamento, offriamo servizi di alloggio attentamente selezionati. Le opzioni di alloggio che forniamo sono progettate per farvi sentire a casa. Con il nostro servizio che include la colazione, potete iniziare la giornata con energia. Inoltre, il nostro hotel \u00e8 situato nel centro della citt\u00e0, permettendovi di esplorare facilmente la citt\u00e0 e soddisfare le vostre esigenze quotidiane. Essere vicino ai centri commerciali e agli eventi offre una grande comodit\u00e0 per lo shopping o per partecipare agli eventi cittadini. Questa posizione strategica tra la clinica e l&#8217;alloggio garantisce che possiate soddisfare facilmente tutte le vostre necessit\u00e0.      <\/p>\n\t\t\t\t\t\t<\/div>\n\t\t\t\t<\/div>\n\t\t\t\t<div class=\"elementor-element elementor-element-67f2fc7 elementor-position-top elementor-widget elementor-widget-image-box\" data-id=\"67f2fc7\" data-element_type=\"widget\" data-widget_type=\"image-box.default\">\n\t\t\t\t<div class=\"elementor-widget-container\">\n\t\t\t<div class=\"elementor-image-box-wrapper\"><figure class=\"elementor-image-box-img\"><img loading=\"lazy\" decoding=\"async\" width=\"150\" height=\"150\" src=\"https:\/\/www.dentalturk.al\/wp-content\/uploads\/2024\/08\/home-dentaltravel2.png\" class=\"attachment-full size-full wp-image-188\" alt=\"\" \/><\/figure><div class=\"elementor-image-box-content\"><h3 class=\"elementor-image-box-title\">Colazione inclusa<br>Situato nel centro citt\u00e0<br>Vicino a centri commerciali e luoghi di eventi<\/h3><\/div><\/div>\t\t<\/div>\n\t\t\t\t<\/div>\n\t\t\t\t<\/div>\n\t\t<div class=\"elementor-element elementor-element-392053d9 e-con-full e-flex e-con e-child\" data-id=\"392053d9\" data-element_type=\"container\">\n\t\t\t\t<div class=\"elementor-element elementor-element-3d19826b elementor-widget elementor-widget-image\" data-id=\"3d19826b\" data-element_type=\"widget\" data-widget_type=\"image.default\">\n\t\t\t\t<div class=\"elementor-widget-container\">\n\t\t\t\t\t\t\t\t\t\t\t\t\t<img loading=\"lazy\" decoding=\"async\" width=\"600\" height=\"488\" src=\"https:\/\/www.dentalturk.al\/wp-content\/uploads\/2024\/08\/dentaltravel-block2.jpg\" class=\"attachment-full size-full wp-image-496\" alt=\"Accommodation\" srcset=\"https:\/\/www.dentalturk.al\/wp-content\/uploads\/2024\/08\/dentaltravel-block2.jpg 600w, https:\/\/www.dentalturk.al\/wp-content\/uploads\/2024\/08\/dentaltravel-block2-300x244.jpg 300w\" sizes=\"(max-width: 600px) 100vw, 600px\" \/>\t\t\t\t\t\t\t\t\t\t\t\t\t<\/div>\n\t\t\t\t<\/div>\n\t\t\t\t<\/div>\n\t\t\t\t\t<\/div>\n\t\t\t\t<\/div>\n\t\t<div class=\"elementor-element elementor-element-53961472 e-flex e-con-boxed e-con e-parent\" data-id=\"53961472\" data-element_type=\"container\">\n\t\t\t\t\t<div class=\"e-con-inner\">\n\t\t<div class=\"elementor-element elementor-element-79345b58 e-con-full e-flex e-con e-child\" data-id=\"79345b58\" data-element_type=\"container\">\n\t\t\t\t<div class=\"elementor-element elementor-element-14cb3c29 elementor-widget elementor-widget-image\" data-id=\"14cb3c29\" data-element_type=\"widget\" data-widget_type=\"image.default\">\n\t\t\t\t<div class=\"elementor-widget-container\">\n\t\t\t\t\t\t\t\t\t\t\t\t\t<img loading=\"lazy\" decoding=\"async\" width=\"600\" height=\"488\" src=\"https:\/\/www.dentalturk.al\/wp-content\/uploads\/2024\/08\/dentaltravel-block3.jpg\" class=\"attachment-medium_large size-medium_large wp-image-497\" alt=\"Treatment\" srcset=\"https:\/\/www.dentalturk.al\/wp-content\/uploads\/2024\/08\/dentaltravel-block3.jpg 600w, https:\/\/www.dentalturk.al\/wp-content\/uploads\/2024\/08\/dentaltravel-block3-300x244.jpg 300w\" sizes=\"(max-width: 600px) 100vw, 600px\" \/>\t\t\t\t\t\t\t\t\t\t\t\t\t<\/div>\n\t\t\t\t<\/div>\n\t\t\t\t<\/div>\n\t\t<div class=\"elementor-element elementor-element-2d404940 e-con-full e-flex e-con e-child\" data-id=\"2d404940\" data-element_type=\"container\">\n\t\t\t\t<div class=\"elementor-element elementor-element-3e7dd02 elementor-widget elementor-widget-heading\" data-id=\"3e7dd02\" data-element_type=\"widget\" data-widget_type=\"heading.default\">\n\t\t\t\t<div class=\"elementor-widget-container\">\n\t\t\t<h3 class=\"elementor-heading-title elementor-size-default\">Trattamento<\/h3>\t\t<\/div>\n\t\t\t\t<\/div>\n\t\t\t\t<div class=\"elementor-element elementor-element-1abdd6c3 elementor-widget elementor-widget-text-editor\" data-id=\"1abdd6c3\" data-element_type=\"widget\" data-widget_type=\"text-editor.default\">\n\t\t\t\t<div class=\"elementor-widget-container\">\n\t\t\t\t\t\t\t<p>La nostra clinica dentale \u00e8 impegnata a fornire servizi di cura dentale della massima qualit\u00e0 ai nostri preziosi pazienti. Il nostro obiettivo \u00e8 offrirvi completa sicurezza e comfort durante tutto il processo di trattamento. I nostri metodi di trattamento sono supportati dalle pi\u00f9 moderne tecniche e tecnologie, che ci permettono di fornirvi soluzioni aggiornate ed efficaci per gestire il trattamento nel miglior modo possibile. Inoltre, la nostra clinica \u00e8 dotata di tecnologie all&#8217;avanguardia, garantendo che riceviate cure secondo i pi\u00f9 alti standard. Sfruttando i progressi tecnologici, miglioriamo i risultati dei vostri trattamenti. Crediamo nella qualit\u00e0 a prezzi favorevoli. Pertanto, offriamo prezzi competitivi per aiutarvi a ottenere risultati di alta qualit\u00e0. Vogliamo che sappiate che siamo qui per offrire un&#8217;esperienza di trattamento economica ed efficace.      <\/p>\n\t\t\t\t\t\t<\/div>\n\t\t\t\t<\/div>\n\t\t\t\t<div class=\"elementor-element elementor-element-8a3344c elementor-position-top elementor-widget elementor-widget-image-box\" data-id=\"8a3344c\" data-element_type=\"widget\" data-widget_type=\"image-box.default\">\n\t\t\t\t<div class=\"elementor-widget-container\">\n\t\t\t<div class=\"elementor-image-box-wrapper\"><figure class=\"elementor-image-box-img\"><img loading=\"lazy\" decoding=\"async\" width=\"150\" height=\"150\" src=\"https:\/\/www.dentalturk.al\/wp-content\/uploads\/2024\/08\/home-dentaltravel3.png\" class=\"attachment-full size-full wp-image-189\" alt=\"\" \/><\/figure><div class=\"elementor-image-box-content\"><h3 class=\"elementor-image-box-title\">Garanzia<br>Metodi moderni<br>Attrezzature tecnologiche avanzate<br>Prezzi favorevoli per risultati di qualit\u00e0<\/h3><\/div><\/div>\t\t<\/div>\n\t\t\t\t<\/div>\n\t\t\t\t<\/div>\n\t\t\t\t\t<\/div>\n\t\t\t\t<\/div>\n\t\t<div class=\"elementor-element elementor-element-be635f0 e-flex e-con-boxed e-con e-parent\" data-id=\"be635f0\" data-element_type=\"container\">\n\t\t\t\t\t<div class=\"e-con-inner\">\n\t\t\t\t<div class=\"elementor-element elementor-element-093161e elementor-widget elementor-widget-heading\" data-id=\"093161e\" data-element_type=\"widget\" data-widget_type=\"heading.default\">\n\t\t\t\t<div class=\"elementor-widget-container\">\n\t\t\t<h3 class=\"elementor-heading-title elementor-size-default\">Scopri Tirana!<\/h3>\t\t<\/div>\n\t\t\t\t<\/div>\n\t\t<div class=\"elementor-element elementor-element-6ab8cf2 e-grid e-con-full e-con e-child\" data-id=\"6ab8cf2\" data-element_type=\"container\">\n\t\t\t\t<div class=\"elementor-element elementor-element-8804546 elementor-widget elementor-widget-image\" data-id=\"8804546\" data-element_type=\"widget\" data-widget_type=\"image.default\">\n\t\t\t\t<div class=\"elementor-widget-container\">\n\t\t\t\t\t\t\t\t\t\t\t\t\t<img loading=\"lazy\" decoding=\"async\" width=\"555\" height=\"479\" src=\"https:\/\/www.dentalturk.al\/wp-content\/uploads\/2024\/08\/dentaltravel-block4.jpg\" class=\"attachment-full size-full wp-image-502\" alt=\"Tirana\" srcset=\"https:\/\/www.dentalturk.al\/wp-content\/uploads\/2024\/08\/dentaltravel-block4.jpg 555w, https:\/\/www.dentalturk.al\/wp-content\/uploads\/2024\/08\/dentaltravel-block4-300x259.jpg 300w\" sizes=\"(max-width: 555px) 100vw, 555px\" \/>\t\t\t\t\t\t\t\t\t\t\t\t\t<\/div>\n\t\t\t\t<\/div>\n\t\t\t\t<div class=\"elementor-element elementor-element-dee0dbd elementor-widget elementor-widget-image\" data-id=\"dee0dbd\" data-element_type=\"widget\" data-widget_type=\"image.default\">\n\t\t\t\t<div class=\"elementor-widget-container\">\n\t\t\t\t\t\t\t\t\t\t\t\t\t<img loading=\"lazy\" decoding=\"async\" width=\"555\" height=\"479\" src=\"https:\/\/www.dentalturk.al\/wp-content\/uploads\/2024\/08\/dentaltravel-block5.jpg\" class=\"attachment-full size-full wp-image-503\" alt=\"Tirana\" srcset=\"https:\/\/www.dentalturk.al\/wp-content\/uploads\/2024\/08\/dentaltravel-block5.jpg 555w, https:\/\/www.dentalturk.al\/wp-content\/uploads\/2024\/08\/dentaltravel-block5-300x259.jpg 300w\" sizes=\"(max-width: 555px) 100vw, 555px\" \/>\t\t\t\t\t\t\t\t\t\t\t\t\t<\/div>\n\t\t\t\t<\/div>\n\t\t\t\t<div class=\"elementor-element elementor-element-42bab67 elementor-widget elementor-widget-image\" data-id=\"42bab67\" data-element_type=\"widget\" data-widget_type=\"image.default\">\n\t\t\t\t<div class=\"elementor-widget-container\">\n\t\t\t\t\t\t\t\t\t\t\t\t\t<img loading=\"lazy\" decoding=\"async\" width=\"555\" height=\"479\" src=\"https:\/\/www.dentalturk.al\/wp-content\/uploads\/2024\/08\/dentaltravel-block6.jpg\" class=\"attachment-full size-full wp-image-501\" alt=\"Tirana\" srcset=\"https:\/\/www.dentalturk.al\/wp-content\/uploads\/2024\/08\/dentaltravel-block6.jpg 555w, https:\/\/www.dentalturk.al\/wp-content\/uploads\/2024\/08\/dentaltravel-block6-300x259.jpg 300w\" sizes=\"(max-width: 555px) 100vw, 555px\" \/>\t\t\t\t\t\t\t\t\t\t\t\t\t<\/div>\n\t\t\t\t<\/div>\n\t\t\t\t<\/div>\n\t\t\t\t\t<\/div>\n\t\t\t\t<\/div>\n\t\t<div class=\"elementor-element elementor-element-3a177be3 e-flex e-con-boxed e-con e-parent\" data-id=\"3a177be3\" data-element_type=\"container\" data-settings=\"{&quot;shape_divider_bottom&quot;:&quot;curve&quot;,&quot;shape_divider_bottom_negative&quot;:&quot;yes&quot;}\">\n\t\t\t\t\t<div class=\"e-con-inner\">\n\t\t\t\t<div class=\"elementor-shape elementor-shape-bottom\" data-negative=\"true\">\n\t\t\t<svg xmlns=\"http:\/\/www.w3.org\/2000\/svg\" viewBox=\"0 0 1000 100\" preserveAspectRatio=\"none\">\n\t<path class=\"elementor-shape-fill\" d=\"M500,97C126.7,96.3,0.8,19.8,0,0v100l1000,0V1C1000,19.4,873.3,97.8,500,97z\"\/>\n<\/svg>\t\t<\/div>\n\t\t\t\t<div class=\"elementor-element elementor-element-5e2d97db elementor-widget elementor-widget-heading\" data-id=\"5e2d97db\" data-element_type=\"widget\" data-widget_type=\"heading.default\">\n\t\t\t\t<div class=\"elementor-widget-container\">\n\t\t\t<h2 class=\"elementor-heading-title elementor-size-default\">Se desiderate trasformare il vostro trattamento in una vacanza, contattateci!<\/h2>\t\t<\/div>\n\t\t\t\t<\/div>\n\t\t\t\t<div class=\"elementor-element elementor-element-60118cf9 elementor-widget elementor-widget-image\" data-id=\"60118cf9\" data-element_type=\"widget\" data-widget_type=\"image.default\">\n\t\t\t\t<div class=\"elementor-widget-container\">\n\t\t\t\t\t\t\t\t\t\t\t\t\t<img decoding=\"async\" src=\"https:\/\/www.dentalturk.al\/wp-content\/uploads\/elementor\/thumbs\/logo-internal1-qsl54vbjvmwuhga0nfslxidaw133tyl53atryfhto0.png\" title=\"\" alt=\"Dental Turk\" loading=\"lazy\" \/>\t\t\t\t\t\t\t\t\t\t\t\t\t<\/div>\n\t\t\t\t<\/div>\n\t\t\t\t\t<\/div>\n\t\t\t\t<\/div>\n\t\t\t\t<\/div>\n\t\t","protected":false},"excerpt":{"rendered":"<p>Viaggi Dentali Che cos&#8217;\u00e8 il viaggio dentale? Il viaggio dentale si riferisce al processo di viaggiare all&#8217;estero per ricevere trattamenti dentali. Questa opzione \u00e8 interessante per i pazienti che cercano trattamenti di alta qualit\u00e0 a prezzi pi\u00f9 accessibili. Inoltre, dopo aver completato il trattamento, puoi approfittare dell&#8217;opportunit\u00e0 per esplorare le attrazioni turistiche del paese che [&hellip;]<\/p>\n","protected":false},"author":1,"featured_media":0,"parent":0,"menu_order":0,"comment_status":"closed","ping_status":"closed","template":"full-width.php","meta":{"_acf_changed":false,"footnotes":""},"class_list":["post-1173","page","type-page","status-publish","hentry"],"acf":[],"_links":{"self":[{"href":"https:\/\/www.dentalturk.al\/it\/wp-json\/wp\/v2\/pages\/1173"}],"collection":[{"href":"https:\/\/www.dentalturk.al\/it\/wp-json\/wp\/v2\/pages"}],"about":[{"href":"https:\/\/www.dentalturk.al\/it\/wp-json\/wp\/v2\/types\/page"}],"author":[{"embeddable":true,"href":"https:\/\/www.dentalturk.al\/it\/wp-json\/wp\/v2\/users\/1"}],"replies":[{"embeddable":true,"href":"https:\/\/www.dentalturk.al\/it\/wp-json\/wp\/v2\/comments?post=1173"}],"version-history":[{"count":9,"href":"https:\/\/www.dentalturk.al\/it\/wp-json\/wp\/v2\/pages\/1173\/revisions"}],"predecessor-version":[{"id":1654,"href":"https:\/\/www.dentalturk.al\/it\/wp-json\/wp\/v2\/pages\/1173\/revisions\/1654"}],"wp:attachment":[{"href":"https:\/\/www.dentalturk.al\/it\/wp-json\/wp\/v2\/media?parent=1173"}],"curies":[{"name":"wp","href":"https:\/\/api.w.org\/{rel}","templated":true}]}}