{"id":1177,"date":"2024-08-14T09:43:53","date_gmt":"2024-08-14T07:43:53","guid":{"rendered":"https:\/\/www.dentalturk.al\/protesi-dentaria\/"},"modified":"2024-09-04T10:26:49","modified_gmt":"2024-09-04T08:26:49","slug":"protesi-dentaria","status":"publish","type":"page","link":"https:\/\/www.dentalturk.al\/it\/servizi\/protesi-dentaria\/","title":{"rendered":"Protesi Dentaria"},"content":{"rendered":"\t\t<div data-elementor-type=\"wp-page\" data-elementor-id=\"1177\" class=\"elementor elementor-1177 elementor-337\">\n\t\t\t\t<div class=\"elementor-element elementor-element-e6402c6 e-con-full e-flex e-con e-parent\" data-id=\"e6402c6\" data-element_type=\"container\">\n\t\t\t\t<div class=\"elementor-element elementor-element-1802c935 elementor-widget elementor-widget-image\" data-id=\"1802c935\" data-element_type=\"widget\" data-widget_type=\"image.default\">\n\t\t\t\t<div class=\"elementor-widget-container\">\n\t\t\t\t\t\t\t\t\t\t\t\t\t<img fetchpriority=\"high\" decoding=\"async\" width=\"1920\" height=\"898\" src=\"https:\/\/www.dentalturk.al\/wp-content\/uploads\/2024\/08\/services-slider3.jpg\" class=\"attachment-full size-full wp-image-343\" alt=\"\" srcset=\"https:\/\/www.dentalturk.al\/wp-content\/uploads\/2024\/08\/services-slider3.jpg 1920w, https:\/\/www.dentalturk.al\/wp-content\/uploads\/2024\/08\/services-slider3-300x140.jpg 300w, https:\/\/www.dentalturk.al\/wp-content\/uploads\/2024\/08\/services-slider3-1024x479.jpg 1024w, https:\/\/www.dentalturk.al\/wp-content\/uploads\/2024\/08\/services-slider3-768x359.jpg 768w, https:\/\/www.dentalturk.al\/wp-content\/uploads\/2024\/08\/services-slider3-1536x718.jpg 1536w\" sizes=\"(max-width: 1920px) 100vw, 1920px\" \/>\t\t\t\t\t\t\t\t\t\t\t\t\t<\/div>\n\t\t\t\t<\/div>\n\t\t\t\t<\/div>\n\t\t<div class=\"elementor-element elementor-element-7361732b e-flex e-con-boxed e-con e-parent\" data-id=\"7361732b\" data-element_type=\"container\" data-settings=\"{&quot;background_background&quot;:&quot;classic&quot;}\">\n\t\t\t\t\t<div class=\"e-con-inner\">\n\t\t\t\t<div class=\"elementor-element elementor-element-6921447f elementor-position-top elementor-widget elementor-widget-image-box\" data-id=\"6921447f\" data-element_type=\"widget\" data-widget_type=\"image-box.default\">\n\t\t\t\t<div class=\"elementor-widget-container\">\n\t\t\t<div class=\"elementor-image-box-wrapper\"><figure class=\"elementor-image-box-img\"><img decoding=\"async\" width=\"150\" height=\"150\" src=\"https:\/\/www.dentalturk.al\/wp-content\/uploads\/2024\/08\/home-services3.png\" class=\"attachment-full size-full wp-image-164\" alt=\"\" \/><\/figure><div class=\"elementor-image-box-content\"><h2 class=\"elementor-image-box-title\">Che cos'\u00e8 una Protesi Dentaria?<\/h2><p class=\"elementor-image-box-description\">Le protesi dentarie sono dispositivi protesici rimovibili progettati per sostituire i denti naturali mancanti. Vengono utilizzate per ripristinare la funzionalit\u00e0 e l'estetica dei denti mancanti nella mascella. Le protesi dentarie sono realizzate su misura per ciascun individuo e sono tipicamente fatte di materiali come acrilico, metallo o composito.  <\/p><\/div><\/div>\t\t<\/div>\n\t\t\t\t<\/div>\n\t\t\t\t\t<\/div>\n\t\t\t\t<\/div>\n\t\t<div class=\"elementor-element elementor-element-76c38775 e-flex e-con-boxed e-con e-parent\" data-id=\"76c38775\" data-element_type=\"container\">\n\t\t\t\t\t<div class=\"e-con-inner\">\n\t\t<div class=\"elementor-element elementor-element-399b8ff5 e-con-full e-flex e-con e-child\" data-id=\"399b8ff5\" data-element_type=\"container\">\n\t\t\t\t<div class=\"elementor-element elementor-element-4424c365 elementor-widget elementor-widget-image\" data-id=\"4424c365\" data-element_type=\"widget\" data-widget_type=\"image.default\">\n\t\t\t\t<div class=\"elementor-widget-container\">\n\t\t\t\t\t\t\t\t\t\t\t\t\t<img decoding=\"async\" width=\"578\" height=\"567\" src=\"https:\/\/www.dentalturk.al\/wp-content\/uploads\/2024\/08\/services-block2.jpg\" class=\"attachment-medium_large size-medium_large wp-image-345\" alt=\"Dentures\" srcset=\"https:\/\/www.dentalturk.al\/wp-content\/uploads\/2024\/08\/services-block2.jpg 578w, https:\/\/www.dentalturk.al\/wp-content\/uploads\/2024\/08\/services-block2-300x294.jpg 300w\" sizes=\"(max-width: 578px) 100vw, 578px\" \/>\t\t\t\t\t\t\t\t\t\t\t\t\t<\/div>\n\t\t\t\t<\/div>\n\t\t\t\t<\/div>\n\t\t<div class=\"elementor-element elementor-element-1404c54f e-con-full e-flex e-con e-child\" data-id=\"1404c54f\" data-element_type=\"container\">\n\t\t\t\t<div class=\"elementor-element elementor-element-460c2c81 elementor-widget elementor-widget-heading\" data-id=\"460c2c81\" data-element_type=\"widget\" data-widget_type=\"heading.default\">\n\t\t\t\t<div class=\"elementor-widget-container\">\n\t\t\t<h3 class=\"elementor-heading-title elementor-size-default\">Vantaggi delle Protesi Dentarie<\/h3>\t\t<\/div>\n\t\t\t\t<\/div>\n\t\t\t\t<div class=\"elementor-element elementor-element-6c1e05f6 elementor-widget-tablet__width-inherit elementor-widget elementor-widget-heading\" data-id=\"6c1e05f6\" data-element_type=\"widget\" data-widget_type=\"heading.default\">\n\t\t\t\t<div class=\"elementor-widget-container\">\n\t\t\t<h4 class=\"elementor-heading-title elementor-size-default\">Estetica<\/h4>\t\t<\/div>\n\t\t\t\t<\/div>\n\t\t\t\t<div class=\"elementor-element elementor-element-3eec7418 elementor-widget elementor-widget-text-editor\" data-id=\"3eec7418\" data-element_type=\"widget\" data-widget_type=\"text-editor.default\">\n\t\t\t\t<div class=\"elementor-widget-container\">\n\t\t\t\t\t\t\t<p>Le protesi dentarie correggono l&#8217;aspetto dei denti mancanti e imitano l&#8217;aspetto dei denti naturali.<\/p>\n\t\t\t\t\t\t<\/div>\n\t\t\t\t<\/div>\n\t\t\t\t<div class=\"elementor-element elementor-element-51f53a9b elementor-widget-mobile__width-inherit elementor-widget elementor-widget-heading\" data-id=\"51f53a9b\" data-element_type=\"widget\" data-widget_type=\"heading.default\">\n\t\t\t\t<div class=\"elementor-widget-container\">\n\t\t\t<h4 class=\"elementor-heading-title elementor-size-default\">Funzione<\/h4>\t\t<\/div>\n\t\t\t\t<\/div>\n\t\t\t\t<div class=\"elementor-element elementor-element-982fe64 elementor-widget elementor-widget-text-editor\" data-id=\"982fe64\" data-element_type=\"widget\" data-widget_type=\"text-editor.default\">\n\t\t\t\t<div class=\"elementor-widget-container\">\n\t\t\t\t\t\t\t<p>Ripristinano la funzione di masticazione e di parlato, migliorando cos\u00ec la qualit\u00e0 della vita quotidiana.<\/p>\n\t\t\t\t\t\t<\/div>\n\t\t\t\t<\/div>\n\t\t\t\t<div class=\"elementor-element elementor-element-3c96946e elementor-widget-mobile__width-inherit elementor-widget elementor-widget-heading\" data-id=\"3c96946e\" data-element_type=\"widget\" data-widget_type=\"heading.default\">\n\t\t\t\t<div class=\"elementor-widget-container\">\n\t\t\t<h4 class=\"elementor-heading-title elementor-size-default\">Rimovibilit\u00e0<\/h4>\t\t<\/div>\n\t\t\t\t<\/div>\n\t\t\t\t<div class=\"elementor-element elementor-element-28f82983 elementor-widget elementor-widget-text-editor\" data-id=\"28f82983\" data-element_type=\"widget\" data-widget_type=\"text-editor.default\">\n\t\t\t\t<div class=\"elementor-widget-container\">\n\t\t\t\t\t\t\t<p>Le protesi dentarie sono rimovibili, facilitando la loro pulizia e manutenzione.<\/p>\n\t\t\t\t\t\t<\/div>\n\t\t\t\t<\/div>\n\t\t\t\t<div class=\"elementor-element elementor-element-76c49285 elementor-widget-mobile__width-inherit elementor-widget elementor-widget-heading\" data-id=\"76c49285\" data-element_type=\"widget\" data-widget_type=\"heading.default\">\n\t\t\t\t<div class=\"elementor-widget-container\">\n\t\t\t<h4 class=\"elementor-heading-title elementor-size-default\">Vestibilit\u00e0<\/h4>\t\t<\/div>\n\t\t\t\t<\/div>\n\t\t\t\t<div class=\"elementor-element elementor-element-5bf04eea elementor-widget elementor-widget-text-editor\" data-id=\"5bf04eea\" data-element_type=\"widget\" data-widget_type=\"text-editor.default\">\n\t\t\t\t<div class=\"elementor-widget-container\">\n\t\t\t\t\t\t\t<p>Realizzate su misura per ciascun individuo, le protesi dentarie offrono una vestibilit\u00e0 comoda quando adeguatamente regolati.<\/p>\n\t\t\t\t\t\t<\/div>\n\t\t\t\t<\/div>\n\t\t\t\t<\/div>\n\t\t\t\t\t<\/div>\n\t\t\t\t<\/div>\n\t\t<div class=\"elementor-element elementor-element-2f0e78bd e-flex e-con-boxed e-con e-parent\" data-id=\"2f0e78bd\" data-element_type=\"container\">\n\t\t\t\t\t<div class=\"e-con-inner\">\n\t\t\t\t<div class=\"elementor-element elementor-element-254b98da elementor-widget elementor-widget-heading\" data-id=\"254b98da\" data-element_type=\"widget\" data-widget_type=\"heading.default\">\n\t\t\t\t<div class=\"elementor-widget-container\">\n\t\t\t<h3 class=\"elementor-heading-title elementor-size-default\">Tipi di Protesi Dentali<\/h3>\t\t<\/div>\n\t\t\t\t<\/div>\n\t\t\t\t<div class=\"elementor-element elementor-element-73b4831 elementor-widget-mobile__width-inherit elementor-widget elementor-widget-heading\" data-id=\"73b4831\" data-element_type=\"widget\" data-widget_type=\"heading.default\">\n\t\t\t\t<div class=\"elementor-widget-container\">\n\t\t\t<h4 class=\"elementor-heading-title elementor-size-default\">Protesi Complete<\/h4>\t\t<\/div>\n\t\t\t\t<\/div>\n\t\t\t\t<div class=\"elementor-element elementor-element-54687750 elementor-widget elementor-widget-text-editor\" data-id=\"54687750\" data-element_type=\"widget\" data-widget_type=\"text-editor.default\">\n\t\t\t\t<div class=\"elementor-widget-container\">\n\t\t\t\t\t\t\t<p>Utilizzate quando tutti i denti naturali sono stati persi. Sostituiscono tutti i denti sia nella parte superiore che in quella inferiore della bocca, coprendo le bocche edentule e ripristinando l&#8217;estetica e la funzione masticatoria. <\/p>\n\t\t\t\t\t\t<\/div>\n\t\t\t\t<\/div>\n\t\t\t\t<div class=\"elementor-element elementor-element-a992c73 elementor-widget-mobile__width-inherit elementor-widget elementor-widget-heading\" data-id=\"a992c73\" data-element_type=\"widget\" data-widget_type=\"heading.default\">\n\t\t\t\t<div class=\"elementor-widget-container\">\n\t\t\t<h4 class=\"elementor-heading-title elementor-size-default\">Protesi Parziali<\/h4>\t\t<\/div>\n\t\t\t\t<\/div>\n\t\t\t\t<div class=\"elementor-element elementor-element-4b0c6d9 elementor-widget elementor-widget-text-editor\" data-id=\"4b0c6d9\" data-element_type=\"widget\" data-widget_type=\"text-editor.default\">\n\t\t\t\t<div class=\"elementor-widget-container\">\n\t\t\t\t\t\t\t<p>Utilizzate quando alcuni denti naturali rimangono nella bocca. Queste protesi sono attaccate ai denti rimanenti e sostituiscono i denti mancanti. <\/p>\n\t\t\t\t\t\t<\/div>\n\t\t\t\t<\/div>\n\t\t\t\t<div class=\"elementor-element elementor-element-6f7bad4f elementor-widget elementor-widget-heading\" data-id=\"6f7bad4f\" data-element_type=\"widget\" data-widget_type=\"heading.default\">\n\t\t\t\t<div class=\"elementor-widget-container\">\n\t\t\t<h3 class=\"elementor-heading-title elementor-size-default\">Cosa Offre la Nostra Clinica nel Campo delle Protesi Dentarie?<\/h3>\t\t<\/div>\n\t\t\t\t<\/div>\n\t\t\t\t<div class=\"elementor-element elementor-element-9497426 elementor-widget elementor-widget-text-editor\" data-id=\"9497426\" data-element_type=\"widget\" data-widget_type=\"text-editor.default\">\n\t\t\t\t<div class=\"elementor-widget-container\">\n\t\t\t\t\t\t\t<p>Nella nostra clinica, ci impegniamo a garantire la massima qualit\u00e0 e soddisfazione nelle applicazioni di protesi dentarie. Creiamo design personalizzati per ripristinare perfettamente i tuoi denti mancanti, sia esteticamente che funzionalmente. Il nostro team di esperti produce protesi dentarie che imitano da vicino l&#8217;aspetto e la funzione dei denti naturali. Puntiamo a migliorare la tua qualit\u00e0 della vita quotidiana offrendo una vestibilit\u00e0 comoda e facilit\u00e0 d&#8217;uso.   <\/p>\n\t\t\t\t\t\t<\/div>\n\t\t\t\t<\/div>\n\t\t\t\t\t<\/div>\n\t\t\t\t<\/div>\n\t\t<div class=\"elementor-element elementor-element-1df82459 e-flex e-con-boxed e-con e-parent\" data-id=\"1df82459\" data-element_type=\"container\" data-settings=\"{&quot;shape_divider_bottom&quot;:&quot;curve&quot;,&quot;shape_divider_bottom_negative&quot;:&quot;yes&quot;}\">\n\t\t\t\t\t<div class=\"e-con-inner\">\n\t\t\t\t<div class=\"elementor-shape elementor-shape-bottom\" data-negative=\"true\">\n\t\t\t<svg xmlns=\"http:\/\/www.w3.org\/2000\/svg\" viewBox=\"0 0 1000 100\" preserveAspectRatio=\"none\">\n\t<path class=\"elementor-shape-fill\" d=\"M500,97C126.7,96.3,0.8,19.8,0,0v100l1000,0V1C1000,19.4,873.3,97.8,500,97z\"\/>\n<\/svg>\t\t<\/div>\n\t\t<div class=\"elementor-element elementor-element-c03e421 e-con-full e-flex e-con e-child\" data-id=\"c03e421\" data-element_type=\"container\">\n\t\t\t\t<div class=\"elementor-element elementor-element-4d146f73 elementor-widget elementor-widget-heading\" data-id=\"4d146f73\" data-element_type=\"widget\" data-widget_type=\"heading.default\">\n\t\t\t\t<div class=\"elementor-widget-container\">\n\t\t\t<h3 class=\"elementor-heading-title elementor-size-default\">Perch\u00e9 Scegliere Noi? <\/h3>\t\t<\/div>\n\t\t\t\t<\/div>\n\t\t\t\t<div class=\"elementor-element elementor-element-3919d8df elementor-widget-mobile__width-inherit elementor-widget elementor-widget-heading\" data-id=\"3919d8df\" data-element_type=\"widget\" data-widget_type=\"heading.default\">\n\t\t\t\t<div class=\"elementor-widget-container\">\n\t\t\t<h4 class=\"elementor-heading-title elementor-size-default\">Team di Esperti<\/h4>\t\t<\/div>\n\t\t\t\t<\/div>\n\t\t\t\t<div class=\"elementor-element elementor-element-7624ca58 elementor-widget elementor-widget-text-editor\" data-id=\"7624ca58\" data-element_type=\"widget\" data-widget_type=\"text-editor.default\">\n\t\t\t\t<div class=\"elementor-widget-container\">\n\t\t\t\t\t\t\t<p>Offriamo il miglior servizio con chirurghi esperti e altamente qualificati nel campo.<\/p>\n\t\t\t\t\t\t<\/div>\n\t\t\t\t<\/div>\n\t\t\t\t<div class=\"elementor-element elementor-element-3e3393fd elementor-widget-mobile__width-inherit elementor-widget elementor-widget-heading\" data-id=\"3e3393fd\" data-element_type=\"widget\" data-widget_type=\"heading.default\">\n\t\t\t\t<div class=\"elementor-widget-container\">\n\t\t\t<h4 class=\"elementor-heading-title elementor-size-default\">Tecnologia Avanzata<\/h4>\t\t<\/div>\n\t\t\t\t<\/div>\n\t\t\t\t<div class=\"elementor-element elementor-element-7881d66 elementor-widget elementor-widget-text-editor\" data-id=\"7881d66\" data-element_type=\"widget\" data-widget_type=\"text-editor.default\">\n\t\t\t\t<div class=\"elementor-widget-container\">\n\t\t\t\t\t\t\t<p>Garantiamo processi di trattamento sicuri ed efficaci grazie a dispositivi e tecniche moderne.<\/p>\n\t\t\t\t\t\t<\/div>\n\t\t\t\t<\/div>\n\t\t\t\t<div class=\"elementor-element elementor-element-6ef62957 elementor-widget-mobile__width-inherit elementor-widget elementor-widget-heading\" data-id=\"6ef62957\" data-element_type=\"widget\" data-widget_type=\"heading.default\">\n\t\t\t\t<div class=\"elementor-widget-container\">\n\t\t\t<h4 class=\"elementor-heading-title elementor-size-default\">Supporto Completo<\/h4>\t\t<\/div>\n\t\t\t\t<\/div>\n\t\t\t\t<div class=\"elementor-element elementor-element-20e51f62 elementor-widget elementor-widget-text-editor\" data-id=\"20e51f62\" data-element_type=\"widget\" data-widget_type=\"text-editor.default\">\n\t\t\t\t<div class=\"elementor-widget-container\">\n\t\t\t\t\t\t\t<p>Offriamo supporto continuo e informazioni durante e dopo il trattamento.<\/p>\n<p>Con questa ampia gamma di servizi offerti nella nostra clinica, puntiamo a proteggere la tua salute e la tua estetica nel miglior modo possibile. Per la tua salute, la scelta giusta \u00e8 Dental Turk! <\/p>\n\t\t\t\t\t\t<\/div>\n\t\t\t\t<\/div>\n\t\t\t\t<\/div>\n\t\t<div class=\"elementor-element elementor-element-6b2c4c7c e-con-full e-flex e-con e-child\" data-id=\"6b2c4c7c\" data-element_type=\"container\">\n\t\t\t\t<div class=\"elementor-element elementor-element-7a83da4f elementor-widget elementor-widget-image\" data-id=\"7a83da4f\" data-element_type=\"widget\" data-widget_type=\"image.default\">\n\t\t\t\t<div class=\"elementor-widget-container\">\n\t\t\t\t\t\t\t\t\t\t\t\t\t<img loading=\"lazy\" decoding=\"async\" width=\"283\" height=\"288\" src=\"https:\/\/www.dentalturk.al\/wp-content\/uploads\/2024\/08\/logo-internal1.png\" class=\"attachment-full size-full wp-image-325\" alt=\"Dental Turk\" \/>\t\t\t\t\t\t\t\t\t\t\t\t\t<\/div>\n\t\t\t\t<\/div>\n\t\t\t\t<\/div>\n\t\t\t\t\t<\/div>\n\t\t\t\t<\/div>\n\t\t\t\t<\/div>\n\t\t","protected":false},"excerpt":{"rendered":"<p>Che cos&#8217;\u00e8 una Protesi Dentaria? Le protesi dentarie sono dispositivi protesici rimovibili progettati per sostituire i denti naturali mancanti. Vengono utilizzate per ripristinare la funzionalit\u00e0 e l&#8217;estetica dei denti mancanti nella mascella. Le protesi dentarie sono realizzate su misura per ciascun individuo e sono tipicamente fatte di materiali come acrilico, metallo o composito. Vantaggi delle [&hellip;]<\/p>\n","protected":false},"author":1,"featured_media":0,"parent":1193,"menu_order":0,"comment_status":"closed","ping_status":"closed","template":"elementor_header_footer","meta":{"_acf_changed":false,"footnotes":""},"class_list":["post-1177","page","type-page","status-publish","hentry"],"acf":[],"_links":{"self":[{"href":"https:\/\/www.dentalturk.al\/it\/wp-json\/wp\/v2\/pages\/1177"}],"collection":[{"href":"https:\/\/www.dentalturk.al\/it\/wp-json\/wp\/v2\/pages"}],"about":[{"href":"https:\/\/www.dentalturk.al\/it\/wp-json\/wp\/v2\/types\/page"}],"author":[{"embeddable":true,"href":"https:\/\/www.dentalturk.al\/it\/wp-json\/wp\/v2\/users\/1"}],"replies":[{"embeddable":true,"href":"https:\/\/www.dentalturk.al\/it\/wp-json\/wp\/v2\/comments?post=1177"}],"version-history":[{"count":1,"href":"https:\/\/www.dentalturk.al\/it\/wp-json\/wp\/v2\/pages\/1177\/revisions"}],"predecessor-version":[{"id":1178,"href":"https:\/\/www.dentalturk.al\/it\/wp-json\/wp\/v2\/pages\/1177\/revisions\/1178"}],"up":[{"embeddable":true,"href":"https:\/\/www.dentalturk.al\/it\/wp-json\/wp\/v2\/pages\/1193"}],"wp:attachment":[{"href":"https:\/\/www.dentalturk.al\/it\/wp-json\/wp\/v2\/media?parent=1177"}],"curies":[{"name":"wp","href":"https:\/\/api.w.org\/{rel}","templated":true}]}}