{"id":1197,"date":"2024-08-15T12:08:04","date_gmt":"2024-08-15T10:08:04","guid":{"rendered":"https:\/\/www.dentalturk.al\/riferimenti\/"},"modified":"2024-09-04T10:28:21","modified_gmt":"2024-09-04T08:28:21","slug":"riferimenti","status":"publish","type":"page","link":"https:\/\/www.dentalturk.al\/it\/riferimenti\/","title":{"rendered":"Riferimenti"},"content":{"rendered":"\t\t<div data-elementor-type=\"wp-page\" data-elementor-id=\"1197\" class=\"elementor elementor-1197 elementor-508\">\n\t\t\t\t<div class=\"elementor-element elementor-element-611d6a50 e-con-full e-flex e-con e-parent\" data-id=\"611d6a50\" data-element_type=\"container\">\n\t\t\t\t<div class=\"elementor-element elementor-element-35c581e0 elementor-widget elementor-widget-image\" data-id=\"35c581e0\" data-element_type=\"widget\" data-widget_type=\"image.default\">\n\t\t\t\t<div class=\"elementor-widget-container\">\n\t\t\t\t\t\t\t\t\t\t\t\t\t<img fetchpriority=\"high\" decoding=\"async\" width=\"1920\" height=\"900\" src=\"https:\/\/www.dentalturk.al\/wp-content\/uploads\/2024\/08\/references-slider1.jpg\" class=\"attachment-full size-full wp-image-511\" alt=\"\" srcset=\"https:\/\/www.dentalturk.al\/wp-content\/uploads\/2024\/08\/references-slider1.jpg 1920w, https:\/\/www.dentalturk.al\/wp-content\/uploads\/2024\/08\/references-slider1-300x141.jpg 300w, https:\/\/www.dentalturk.al\/wp-content\/uploads\/2024\/08\/references-slider1-1024x480.jpg 1024w, https:\/\/www.dentalturk.al\/wp-content\/uploads\/2024\/08\/references-slider1-768x360.jpg 768w, https:\/\/www.dentalturk.al\/wp-content\/uploads\/2024\/08\/references-slider1-1536x720.jpg 1536w\" sizes=\"(max-width: 1920px) 100vw, 1920px\" \/>\t\t\t\t\t\t\t\t\t\t\t\t\t<\/div>\n\t\t\t\t<\/div>\n\t\t\t\t<\/div>\n\t\t<div class=\"elementor-element elementor-element-1712140b e-flex e-con-boxed e-con e-parent\" data-id=\"1712140b\" data-element_type=\"container\" data-settings=\"{&quot;background_background&quot;:&quot;classic&quot;}\">\n\t\t\t\t\t<div class=\"e-con-inner\">\n\t\t\t\t<div class=\"elementor-element elementor-element-680f1936 elementor-widget elementor-widget-heading\" data-id=\"680f1936\" data-element_type=\"widget\" data-widget_type=\"heading.default\">\n\t\t\t\t<div class=\"elementor-widget-container\">\n\t\t\t<h1 class=\"elementor-heading-title elementor-size-default\">Riferimenti<\/h1>\t\t<\/div>\n\t\t\t\t<\/div>\n\t\t\t\t\t<\/div>\n\t\t\t\t<\/div>\n\t\t<div class=\"elementor-element elementor-element-473201fd e-con-full e-flex e-con e-parent\" data-id=\"473201fd\" data-element_type=\"container\">\n\t\t<div class=\"elementor-element elementor-element-6c6a228d e-grid e-con-boxed e-con e-child\" data-id=\"6c6a228d\" data-element_type=\"container\">\n\t\t\t\t\t<div class=\"e-con-inner\">\n\t\t\t\t<div class=\"elementor-element elementor-element-23d6961e elementor-widget elementor-widget-testimonial\" data-id=\"23d6961e\" data-element_type=\"widget\" data-widget_type=\"testimonial.default\">\n\t\t\t\t<div class=\"elementor-widget-container\">\n\t\t\t\t\t<div class=\"elementor-testimonial-wrapper\">\n\t\t\t\t\t\t\t<div class=\"elementor-testimonial-content\"><p><span style=\"display:inline-block; text-align:left;\">Ho scelto questa clinica per il trattamento con impianti e sono estremamente soddisfatta del risultato. Ho trovato un perfetto equilibrio tra prezzo e qualit\u00e0. I miei impianti dentali sono fantastici sia esteticamente che funzionalmente. Il personale \u00e8 stato estremamente professionale e mi ha informata ad ogni passo. Un posto assolutamente affidabile, lo consiglio vivamente.    <\/span><\/p>\n<\/div>\n\t\t\t\n\t\t\t\t\t\t<div class=\"elementor-testimonial-meta\">\n\t\t\t\t<div class=\"elementor-testimonial-meta-inner\">\n\t\t\t\t\t\n\t\t\t\t\t\t\t\t\t\t<div class=\"elementor-testimonial-details\">\n\t\t\t\t\t\t\t\t\t\t\t\t\t\t<div class=\"elementor-testimonial-name\">Giulia Rossi<\/div>\n\t\t\t\t\t\t\t\t\t\t\t\t\t\t\t\t\t\t\t<\/div>\n\t\t\t\t\t\t\t\t\t<\/div>\n\t\t\t<\/div>\n\t\t\t\t\t<\/div>\n\t\t\t\t<\/div>\n\t\t\t\t<\/div>\n\t\t\t\t<div class=\"elementor-element elementor-element-203efe8c elementor-widget elementor-widget-testimonial\" data-id=\"203efe8c\" data-element_type=\"widget\" data-widget_type=\"testimonial.default\">\n\t\t\t\t<div class=\"elementor-widget-container\">\n\t\t\t\t\t<div class=\"elementor-testimonial-wrapper\">\n\t\t\t\t\t\t\t<div class=\"elementor-testimonial-content\"><p><span style=\"display:inline-block; text-align:left;\">Sono venuto in questa clinica per ottenere faccette in zirconio e la mia esperienza \u00e8 stata perfetta. Le mie faccette hanno un aspetto naturale ed estetico, proprio come le avevo immaginate. Il team \u00e8 stato estremamente attento e professionale, hanno seguito ogni passaggio con cura. I risultati sono straordinari, consiglio questa clinica a tutti con fiducia.   <\/span><\/p>\n<\/div>\n\t\t\t\n\t\t\t\t\t\t<div class=\"elementor-testimonial-meta\">\n\t\t\t\t<div class=\"elementor-testimonial-meta-inner\">\n\t\t\t\t\t\n\t\t\t\t\t\t\t\t\t\t<div class=\"elementor-testimonial-details\">\n\t\t\t\t\t\t\t\t\t\t\t\t\t\t<div class=\"elementor-testimonial-name\">Luca Bianchi<\/div>\n\t\t\t\t\t\t\t\t\t\t\t\t\t\t\t\t\t\t\t<\/div>\n\t\t\t\t\t\t\t\t\t<\/div>\n\t\t\t<\/div>\n\t\t\t\t\t<\/div>\n\t\t\t\t<\/div>\n\t\t\t\t<\/div>\n\t\t\t\t<div class=\"elementor-element elementor-element-33a15654 elementor-widget elementor-widget-testimonial\" data-id=\"33a15654\" data-element_type=\"widget\" data-widget_type=\"testimonial.default\">\n\t\t\t\t<div class=\"elementor-widget-container\">\n\t\t\t\t\t<div class=\"elementor-testimonial-wrapper\">\n\t\t\t\t\t\t\t<div class=\"elementor-testimonial-content\"><p><span style=\"display:inline-block; text-align:left;\">Mi sono rivolta a questa clinica per un trattamento ortodontico e i risultati mi hanno veramente soddisfatta. Nonostante l'uso dell'apparecchio fosse un processo difficile, il team \u00e8 stato sempre di supporto e ha reso il percorso il pi\u00f9 confortevole possibile. La qualit\u00e0 del trattamento \u00e8 eccezionale e i prezzi sono molto ragionevoli. Sono davvero soddisfatta di essermi curata qui.   <\/span><\/p>\n<\/div>\n\t\t\t\n\t\t\t\t\t\t<div class=\"elementor-testimonial-meta\">\n\t\t\t\t<div class=\"elementor-testimonial-meta-inner\">\n\t\t\t\t\t\n\t\t\t\t\t\t\t\t\t\t<div class=\"elementor-testimonial-details\">\n\t\t\t\t\t\t\t\t\t\t\t\t\t\t<div class=\"elementor-testimonial-name\">Francesca Romano<\/div>\n\t\t\t\t\t\t\t\t\t\t\t\t\t\t\t\t\t\t\t<\/div>\n\t\t\t\t\t\t\t\t\t<\/div>\n\t\t\t<\/div>\n\t\t\t\t\t<\/div>\n\t\t\t\t<\/div>\n\t\t\t\t<\/div>\n\t\t\t\t<div class=\"elementor-element elementor-element-21dd6a2f elementor-widget elementor-widget-testimonial\" data-id=\"21dd6a2f\" data-element_type=\"widget\" data-widget_type=\"testimonial.default\">\n\t\t\t\t<div class=\"elementor-widget-container\">\n\t\t\t\t\t<div class=\"elementor-testimonial-wrapper\">\n\t\t\t\t\t\t\t<div class=\"elementor-testimonial-content\"><p><span style=\"display:inline-block; text-align:left;\">Ho scelto questa clinica per lo sbiancamento dentale e i risultati sono stati anche meglio di quanto mi aspettassi. I miei denti sono ora pi\u00f9 bianchi e luminosi, e la mia autostima \u00e8 aumentata. Il team \u00e8 stato estremamente professionale e ha reso il trattamento senza stress per me. Il rapporto qualit\u00e0-prezzo \u00e8 davvero imbattibile. Consiglio vivamente questa clinica.    <\/span><\/p>\n<\/div>\n\t\t\t\n\t\t\t\t\t\t<div class=\"elementor-testimonial-meta\">\n\t\t\t\t<div class=\"elementor-testimonial-meta-inner\">\n\t\t\t\t\t\n\t\t\t\t\t\t\t\t\t\t<div class=\"elementor-testimonial-details\">\n\t\t\t\t\t\t\t\t\t\t\t\t\t\t<div class=\"elementor-testimonial-name\">Alessandro Greco<\/div>\n\t\t\t\t\t\t\t\t\t\t\t\t\t\t\t\t\t\t\t<\/div>\n\t\t\t\t\t\t\t\t\t<\/div>\n\t\t\t<\/div>\n\t\t\t\t\t<\/div>\n\t\t\t\t<\/div>\n\t\t\t\t<\/div>\n\t\t\t\t<div class=\"elementor-element elementor-element-55a7de0a elementor-widget elementor-widget-testimonial\" data-id=\"55a7de0a\" data-element_type=\"widget\" data-widget_type=\"testimonial.default\">\n\t\t\t\t<div class=\"elementor-widget-container\">\n\t\t\t\t\t<div class=\"elementor-testimonial-wrapper\">\n\t\t\t\t\t\t\t<div class=\"elementor-testimonial-content\"><p><span style=\"display:inline-block; text-align:left;\">Ho fatto una pulizia dei denti e un'otturazione, e sono molto soddisfatta del risultato. I miei denti ora appaiono pi\u00f9 sani ed estetici. Il team \u00e8 stato estremamente gentile e professionale, mi hanno informata ad ogni passo. Anche i prezzi sono molto ragionevoli, quindi sicuramente torner\u00f2.   <\/span><\/p>\n<\/div>\n\t\t\t\n\t\t\t\t\t\t<div class=\"elementor-testimonial-meta\">\n\t\t\t\t<div class=\"elementor-testimonial-meta-inner\">\n\t\t\t\t\t\n\t\t\t\t\t\t\t\t\t\t<div class=\"elementor-testimonial-details\">\n\t\t\t\t\t\t\t\t\t\t\t\t\t\t<div class=\"elementor-testimonial-name\">Elena Ferrara<\/div>\n\t\t\t\t\t\t\t\t\t\t\t\t\t\t\t\t\t\t\t<\/div>\n\t\t\t\t\t\t\t\t\t<\/div>\n\t\t\t<\/div>\n\t\t\t\t\t<\/div>\n\t\t\t\t<\/div>\n\t\t\t\t<\/div>\n\t\t\t\t<div class=\"elementor-element elementor-element-1e2bba8c elementor-widget elementor-widget-testimonial\" data-id=\"1e2bba8c\" data-element_type=\"widget\" data-widget_type=\"testimonial.default\">\n\t\t\t\t<div class=\"elementor-widget-container\">\n\t\t\t\t\t<div class=\"elementor-testimonial-wrapper\">\n\t\t\t\t\t\t\t<div class=\"elementor-testimonial-content\"><p><span style=\"display:inline-block; text-align:left;\">Ho scelto questa clinica per una devitalizzazione, un intervento complesso, e sono rimasto estremamente soddisfatto del servizio ricevuto. Non ho sentito alcun dolore durante il trattamento, e il processo \u00e8 stato rapido ed efficace. Professionalit\u00e0, cortesia e risultati eccellenti sono combinati in questa clinica. La consiglio a tutti con fiducia.   <\/span><\/p>\n<\/div>\n\t\t\t\n\t\t\t\t\t\t<div class=\"elementor-testimonial-meta\">\n\t\t\t\t<div class=\"elementor-testimonial-meta-inner\">\n\t\t\t\t\t\n\t\t\t\t\t\t\t\t\t\t<div class=\"elementor-testimonial-details\">\n\t\t\t\t\t\t\t\t\t\t\t\t\t\t<div class=\"elementor-testimonial-name\">Matteo Esposito<\/div>\n\t\t\t\t\t\t\t\t\t\t\t\t\t\t\t\t\t\t\t<\/div>\n\t\t\t\t\t\t\t\t\t<\/div>\n\t\t\t<\/div>\n\t\t\t\t\t<\/div>\n\t\t\t\t<\/div>\n\t\t\t\t<\/div>\n\t\t\t\t<div class=\"elementor-element elementor-element-35204fa2 elementor-widget elementor-widget-testimonial\" data-id=\"35204fa2\" data-element_type=\"widget\" data-widget_type=\"testimonial.default\">\n\t\t\t\t<div class=\"elementor-widget-container\">\n\t\t\t\t\t<div class=\"elementor-testimonial-wrapper\">\n\t\t\t\t\t\t\t<div class=\"elementor-testimonial-content\"><p><span style=\"display:inline-block; text-align:left;\">Ho scelto questa clinica per ottenere una protesi dentale e i risultati sono stati davvero impressionanti. Le nuove protesi sono molto comode e hanno un aspetto estetico, sembrano quasi i miei denti naturali. Sono molto soddisfatta della qualit\u00e0 del servizio e della trasparenza dei prezzi. Una clinica a cui torner\u00f2 senza alcun dubbio.   <\/span><\/p>\n<\/div>\n\t\t\t\n\t\t\t\t\t\t<div class=\"elementor-testimonial-meta\">\n\t\t\t\t<div class=\"elementor-testimonial-meta-inner\">\n\t\t\t\t\t\n\t\t\t\t\t\t\t\t\t\t<div class=\"elementor-testimonial-details\">\n\t\t\t\t\t\t\t\t\t\t\t\t\t\t<div class=\"elementor-testimonial-name\">Valentina Conti<\/div>\n\t\t\t\t\t\t\t\t\t\t\t\t\t\t\t\t\t\t\t<\/div>\n\t\t\t\t\t\t\t\t\t<\/div>\n\t\t\t<\/div>\n\t\t\t\t\t<\/div>\n\t\t\t\t<\/div>\n\t\t\t\t<\/div>\n\t\t\t\t<div class=\"elementor-element elementor-element-6bc70d3e elementor-widget elementor-widget-testimonial\" data-id=\"6bc70d3e\" data-element_type=\"widget\" data-widget_type=\"testimonial.default\">\n\t\t\t\t<div class=\"elementor-widget-container\">\n\t\t\t\t\t<div class=\"elementor-testimonial-wrapper\">\n\t\t\t\t\t\t\t<div class=\"elementor-testimonial-content\"><p><span style=\"display:inline-block; text-align:left;\">Mi sono rivolto a questa clinica per un'estrazione dentale e il successivo trattamento con impianti. Durante tutto il processo, il team \u00e8 stato estremamente professionale e comprensivo. L'estrazione \u00e8 stata molto confortevole e gli impianti sono stati inseriti senza problemi. Consiglio vivamente questa clinica, che offre servizi di alta qualit\u00e0 a prezzi onesti.   <\/span><\/p>\n<\/div>\n\t\t\t\n\t\t\t\t\t\t<div class=\"elementor-testimonial-meta\">\n\t\t\t\t<div class=\"elementor-testimonial-meta-inner\">\n\t\t\t\t\t\n\t\t\t\t\t\t\t\t\t\t<div class=\"elementor-testimonial-details\">\n\t\t\t\t\t\t\t\t\t\t\t\t\t\t<div class=\"elementor-testimonial-name\">Davide Moretti<\/div>\n\t\t\t\t\t\t\t\t\t\t\t\t\t\t\t\t\t\t\t<\/div>\n\t\t\t\t\t\t\t\t\t<\/div>\n\t\t\t<\/div>\n\t\t\t\t\t<\/div>\n\t\t\t\t<\/div>\n\t\t\t\t<\/div>\n\t\t\t\t\t<\/div>\n\t\t\t\t<\/div>\n\t\t\t\t<\/div>\n\t\t<div class=\"elementor-element elementor-element-2de7ef89 e-flex e-con-boxed e-con e-parent\" data-id=\"2de7ef89\" data-element_type=\"container\" data-settings=\"{&quot;shape_divider_bottom&quot;:&quot;curve&quot;,&quot;shape_divider_bottom_negative&quot;:&quot;yes&quot;}\">\n\t\t\t\t\t<div class=\"e-con-inner\">\n\t\t\t\t<div class=\"elementor-shape elementor-shape-bottom\" data-negative=\"true\">\n\t\t\t<svg xmlns=\"http:\/\/www.w3.org\/2000\/svg\" viewBox=\"0 0 1000 100\" preserveAspectRatio=\"none\">\n\t<path class=\"elementor-shape-fill\" d=\"M500,97C126.7,96.3,0.8,19.8,0,0v100l1000,0V1C1000,19.4,873.3,97.8,500,97z\"\/>\n<\/svg>\t\t<\/div>\n\t\t\t\t<div class=\"elementor-element elementor-element-6f732356 elementor-widget elementor-widget-heading\" data-id=\"6f732356\" data-element_type=\"widget\" data-widget_type=\"heading.default\">\n\t\t\t\t<div class=\"elementor-widget-container\">\n\t\t\t<h2 class=\"elementor-heading-title elementor-size-default\">La vostra fiducia \u00e8 il pi\u00f9 grande patrimonio della nostra clinica.<\/h2>\t\t<\/div>\n\t\t\t\t<\/div>\n\t\t\t\t<div class=\"elementor-element elementor-element-42f77d13 elementor-widget elementor-widget-image\" data-id=\"42f77d13\" data-element_type=\"widget\" data-widget_type=\"image.default\">\n\t\t\t\t<div class=\"elementor-widget-container\">\n\t\t\t\t\t\t\t\t\t\t\t\t\t<img decoding=\"async\" src=\"https:\/\/www.dentalturk.al\/wp-content\/uploads\/elementor\/thumbs\/logo-internal1-qsl54vbjvmwuhga0nfslxidaw133tyl53atryfhto0.png\" title=\"\" alt=\"Dental Turk\" loading=\"lazy\" \/>\t\t\t\t\t\t\t\t\t\t\t\t\t<\/div>\n\t\t\t\t<\/div>\n\t\t\t\t\t<\/div>\n\t\t\t\t<\/div>\n\t\t\t\t<\/div>\n\t\t","protected":false},"excerpt":{"rendered":"<p>Riferimenti Ho scelto questa clinica per il trattamento con impianti e sono estremamente soddisfatta del risultato. Ho trovato un perfetto equilibrio tra prezzo e qualit\u00e0. I miei impianti dentali sono fantastici sia esteticamente che funzionalmente. Il personale \u00e8 stato estremamente professionale e mi ha informata ad ogni passo. Un posto assolutamente affidabile, lo consiglio vivamente. [&hellip;]<\/p>\n","protected":false},"author":1,"featured_media":0,"parent":0,"menu_order":0,"comment_status":"closed","ping_status":"closed","template":"full-width.php","meta":{"_acf_changed":false,"footnotes":""},"class_list":["post-1197","page","type-page","status-publish","hentry"],"acf":[],"_links":{"self":[{"href":"https:\/\/www.dentalturk.al\/it\/wp-json\/wp\/v2\/pages\/1197"}],"collection":[{"href":"https:\/\/www.dentalturk.al\/it\/wp-json\/wp\/v2\/pages"}],"about":[{"href":"https:\/\/www.dentalturk.al\/it\/wp-json\/wp\/v2\/types\/page"}],"author":[{"embeddable":true,"href":"https:\/\/www.dentalturk.al\/it\/wp-json\/wp\/v2\/users\/1"}],"replies":[{"embeddable":true,"href":"https:\/\/www.dentalturk.al\/it\/wp-json\/wp\/v2\/comments?post=1197"}],"version-history":[{"count":3,"href":"https:\/\/www.dentalturk.al\/it\/wp-json\/wp\/v2\/pages\/1197\/revisions"}],"predecessor-version":[{"id":1200,"href":"https:\/\/www.dentalturk.al\/it\/wp-json\/wp\/v2\/pages\/1197\/revisions\/1200"}],"wp:attachment":[{"href":"https:\/\/www.dentalturk.al\/it\/wp-json\/wp\/v2\/media?parent=1197"}],"curies":[{"name":"wp","href":"https:\/\/api.w.org\/{rel}","templated":true}]}}